{"id":12691,"date":"2022-12-24T13:03:46","date_gmt":"2022-12-24T11:03:46","guid":{"rendered":"https:\/\/2procente.info\/devino-ambasador-2\/"},"modified":"2025-03-18T16:52:52","modified_gmt":"2025-03-18T14:52:52","slug":"devino-ambasador-2","status":"publish","type":"page","link":"https:\/\/2procente.info\/ru\/devino-ambasador-2\/","title":{"rendered":"\u0421\u0442\u0430\u043d\u044c\u0442\u0435 \u043f\u043e\u0441\u043b\u043e\u043c 2%"},"content":{"rendered":"\t\t<div data-elementor-type=\"wp-page\" data-elementor-id=\"12691\" class=\"elementor elementor-12691 elementor-8783\">\n\t\t\t\t\t\t<section class=\"elementor-section elementor-top-section elementor-element elementor-element-5bf7af0 elementor-section-full_width elementor-section-height-default elementor-section-height-default\" data-id=\"5bf7af0\" data-element_type=\"section\">\n\t\t\t\t\t\t<div class=\"elementor-container elementor-column-gap-no\">\n\t\t\t\t\t<div class=\"elementor-column elementor-col-100 elementor-top-column elementor-element elementor-element-0c54b15\" data-id=\"0c54b15\" data-element_type=\"column\">\n\t\t\t<div class=\"elementor-widget-wrap elementor-element-populated\">\n\t\t\t\t\t\t<div class=\"elementor-element elementor-element-4c84f35 elementor-widget elementor-widget-services\" data-id=\"4c84f35\" data-element_type=\"widget\" data-widget_type=\"services.default\">\n\t\t\t\t<div class=\"elementor-widget-container\">\n\t\t\t\r\n                 <!-- services area start -->\r\n         <section class=\"services__area grey-bg-8 pt-110 pb-130 p-relative z-index-1 tp-el-section\">\r\n\r\n                        <div class=\"services__shape\">\r\n               <img decoding=\"async\" class=\"services__shape-4\" src=\"https:\/\/2procente.info\/wp-content\/themes\/harry\/assets\/img\/services\/5\/shape\/services-shape-1.png\" alt=\"2 Procente\">\r\n               <img decoding=\"async\" class=\"services__shape-5\" src=\"https:\/\/2procente.info\/wp-content\/themes\/harry\/assets\/img\/services\/5\/shape\/services-shape-2.png\" alt=\"2 Procente\">\r\n               <img decoding=\"async\" class=\"services__shape-6\" src=\"https:\/\/2procente.info\/wp-content\/themes\/harry\/assets\/img\/services\/5\/shape\/services-shape-3.png\" alt=\"2 Procente\">\r\n               <img decoding=\"async\" class=\"services__shape-7\" src=\"https:\/\/2procente.info\/wp-content\/themes\/harry\/assets\/img\/services\/5\/shape\/services-shape-4.png\" alt=\"2 Procente\">\r\n               <img decoding=\"async\" class=\"services__shape-8\" src=\"https:\/\/2procente.info\/wp-content\/themes\/harry\/assets\/img\/services\/5\/shape\/services-shape-5.png\" alt=\"2 Procente\">\r\n               <img decoding=\"async\" class=\"services__shape-9\" data-parallax='{\"y\": 150, \"smoothness\": 10}'  src=\"https:\/\/2procente.info\/wp-content\/themes\/harry\/assets\/img\/services\/5\/shape\/services-shape-6.png\" alt=\"2 Procente\">\r\n            <\/div>\r\n            \r\n\r\n            \r\n            <div class=\"container\">\r\n               <div class=\"row justify-content-center\">\r\n                  <div class=\"col-xxl-8 col-xl-8 col-lg-10\">\r\n                                         <div class=\"services__section-title-5 wow fadeInUp\" data-wow-delay=\".5s\" data-wow-duration=\"1s\">\r\n                        <div class=\"section__title-wrapper-5 mb-70 text-center tp-el-content\">\r\n                            \r\n                           <h2 class=\"section__title-5 tp-el-title\">Promoveaz\u0103 mecanismul 2% pe pagina ta, iar noi te r\u0103spl\u0103tim cu titlu de <span class=\"section__title-highlight\">\u201eAMBASADOR 2%\u201d                               <svg width=\"220\" height=\"27\" viewBox=\"0 0 220 27\" fill=\"none\">                                  <path d=\"M19.6407 15.2948C33.4481 12.464 47.2752 10.3031 61.24 8.63481C48.6133 9.07487 35.9865 9.33103 23.3729 9.29162C22.4743 9.29162 21.7396 8.54942 21.7396 7.64958C21.7462 6.74318 22.4808 6.00754 23.386 6.00754C60.8398 6.12577 138.464 3.57728 175.839 1.69222C185.81 1.18648 195.563 0.739778 205.534 0.477052C208.079 0.41137 210.63 0.280046 213.175 0.188091C214.5 0.142114 217.924 -0.0286769 218.403 0.0041639C219.761 0.0895499 219.964 1.27179 219.984 1.4557C220.036 1.8892 220.003 2.53954 219.242 3.03215C219.19 3.07156 218.895 3.25544 218.232 3.33426C181.198 7.74806 103.764 7.1897 66.6842 11.3079C51.0861 13.0485 35.6783 15.3606 20.3032 18.5133C14.9311 19.6102 11.8678 20.3064 7.57803 21.4493C14.649 23.3081 21.8971 24.3393 29.2173 24.891C29.2173 24.891 19.6407 27.474 12.386 25.9286C5.13134 24.3833 4.9674 24.221 1.33353 23.0321C0.493934 22.7628 0.238148 22.2375 0.133199 21.955C-0.0963783 21.3639 -0.0701445 20.7136 0.539874 20.1159C0.703857 19.9583 1.01869 19.7349 1.51064 19.5773C2.15346 19.3737 3.48499 19.1636 4.08189 18.9994C9.9853 17.3705 13.1535 16.6216 19.6407 15.2948Z\" fill=\"currentColor\"><\/path>                            <\/svg>                            <\/span>                            <\/h2>\r\n                            \r\n                        <\/div>\r\n                     <\/div>\r\n                                       <\/div>\r\n               <\/div>\r\n               <div class=\"row\">\r\n                                 <div class=\"col-xl-4 col-lg-4 col-md-6 col-12\">\r\n                     <div class=\"services__item-5 mb-30 white-bg wow fadeInUp \" data-wow-delay=\".3s\" data-wow-duration=\"1s\">\r\n                        <div class=\"services__item-5-inner text-center transition-3 white-bg tp-el-box\">\r\n                           <div class=\"services__content-5\">\r\n\r\n                                                                <h3 class=\"services__title-5 tp-el-box-title\">\r\n                                                                            Integreaz\u0103 logoul 2% pe pagina web a organiza\u021biei tale                                                                    <\/h3>\r\n                                \r\n                                                                <p class=\"tp-el-box-desc\">(codul indicat mai jos)<\/p>\r\n                                   \r\n                                                              \r\n                           <\/div>\r\n                           <div class=\"services__thumb-5 tp-el-box-icon\">\r\n                                                                    <span>\r\n                                                                                <svg width=\"40\" height=\"40\" viewBox=\"0 0 40 40\" fill=\"none\" xmlns=\"http:\/\/www.w3.org\/2000\/svg\">\n                                    <path d=\"M36.1334 26.6667H30.5334C28.1143 26.6667 26.6667 28.1144 26.6667 30.5334V36.1334C26.6667 38.5525 28.1143 40.0001 30.5334 40.0001H36.1334C38.5524 40.0001 40 38.5525 40 36.1334V30.5334C40 28.1144 38.5524 26.6667 36.1334 26.6667ZM36.5524 32.9715C36.3238 33.2001 36.0191 33.3144 35.7143 33.3144C35.4095 33.3144 35.1048 33.2001 34.8762 32.9715L34.5334 32.6287V36.8953C34.5334 37.562 34 38.0953 33.3334 38.0953C32.6667 38.0953 32.1334 37.562 32.1334 36.8953V32.6287L31.7905 32.9715C31.3334 33.4287 30.5714 33.4287 30.1143 32.9715C29.6572 32.5144 29.6572 31.7525 30.1143 31.2953L32.4953 28.9144C32.5905 28.8191 32.7238 28.7429 32.8572 28.6858C32.8953 28.6667 32.9334 28.6667 32.9714 28.6477C33.0667 28.6096 33.1619 28.5906 33.2762 28.5906C33.3143 28.5906 33.3524 28.5906 33.3905 28.5906C33.5238 28.5906 33.6381 28.6096 33.7714 28.6667C33.7905 28.6667 33.7905 28.6667 33.8095 28.6667C33.9429 28.7239 34.0572 28.8001 34.1524 28.8953C34.1714 28.9144 34.1715 28.9144 34.1905 28.9144L36.5715 31.2953C37.0286 31.7525 37.0286 32.5144 36.5524 32.9715Z\" fill=\"currentColor\"\/>\n                                    <path opacity=\"0.2\" d=\"M26.6667 36.1333V30.5333C26.6667 28.1143 28.1143 26.6667 30.5333 26.6667H36.1333C36.8952 26.6667 37.5429 26.819 38.0952 27.0857C38.0952 27.0667 38.0952 27.0476 38.0952 27.0095V11.0667C38.0952 4.13333 33.9619 0 27.0286 0H11.0667C4.13333 0 0 4.13333 0 11.0667V27.0095C0 33.9619 4.13333 38.0952 11.0667 38.0952H27.0095C27.0286 38.0952 27.0476 38.0952 27.0857 38.0952C26.819 37.5429 26.6667 36.8952 26.6667 36.1333Z\" fill=\"currentColor\"\/>\n                                    <path d=\"M26.6666 15.5621C27.4476 15.5621 28.0952 14.9145 28.0952 14.1335C28.0952 13.3526 27.4476 12.705 26.6666 12.705H22.0761L22.5714 8.28591C22.6666 7.50496 22.0952 6.8002 21.3142 6.70496C20.5333 6.62877 19.8285 7.18115 19.7333 7.9621L19.2 12.705H16.0571L16.5523 8.28591C16.6476 7.50496 16.0761 6.8002 15.2952 6.70496C14.5142 6.60972 13.8095 7.18115 13.7142 7.9621L13.1809 12.705H8.60948C7.82852 12.705 7.18091 13.3526 7.18091 14.1335C7.18091 14.9145 7.82852 15.5621 8.60948 15.5621H12.8571L12.5142 18.724H7.619C6.83805 18.724 6.19043 19.3716 6.19043 20.1526C6.19043 20.9335 6.83805 21.5811 7.619 21.5811H12.2095L11.7142 26.0002C11.619 26.7811 12.1904 27.4859 12.9714 27.5811C13.0285 27.5811 13.0857 27.5811 13.1238 27.5811C13.8476 27.5811 14.4571 27.0478 14.5333 26.305L15.0666 21.5621H18.2095L17.7142 25.9811C17.619 26.7621 18.1904 27.4669 18.9714 27.5621C19.0285 27.5621 19.0857 27.5621 19.1238 27.5621C19.8476 27.5621 20.4571 27.0288 20.5333 26.2859L21.0666 21.5431H25.638C26.419 21.5431 27.0666 20.8954 27.0666 20.1145C27.0666 19.3335 26.419 18.6859 25.638 18.6859H21.3904L21.7333 15.524H26.6666V15.5621ZM18.5333 18.724H15.3904L15.7333 15.5621H18.8761L18.5333 18.724Z\" fill=\"white\"\/>\n                                 <\/svg>                                                                            <\/span>\r\n                                                           <\/div>\r\n                        <\/div>\r\n                     <\/div>\r\n                  <\/div>\r\n                                    <div class=\"col-xl-4 col-lg-4 col-md-6 col-12\">\r\n                     <div class=\"services__item-5 mb-30 white-bg wow fadeInUp \" data-wow-delay=\".3s\" data-wow-duration=\"1s\">\r\n                        <div class=\"services__item-5-inner text-center transition-3 white-bg tp-el-box\">\r\n                           <div class=\"services__content-5\">\r\n\r\n                                                                <h3 class=\"services__title-5 tp-el-box-title\">\r\n                                                                            Trimite-ne apoi un e-mail la adresa: 2procente@crjm.org                                                                    <\/h3>\r\n                                \r\n                                                                <p class=\"tp-el-box-desc\"> \u00een care ne anun\u021bi c\u0103 sus\u021bii campania na\u021bional\u0103 de informare 2% precum \u0219i logoul organiza\u021biei tale (cu dimensiunea 160X120 pixeli)<\/p>\r\n                                   \r\n                                                              \r\n                           <\/div>\r\n                           <div class=\"services__thumb-5 tp-el-box-icon\">\r\n                                                                    <span>\r\n                                                                                <svg width=\"40\" height=\"43\" viewBox=\"0 0 40 43\" fill=\"none\" xmlns=\"http:\/\/www.w3.org\/2000\/svg\">\n                                    <path opacity=\"0.2\" d=\"M37.8947 17.2421H31.8105C26.8211 17.2421 22.7579 13.1789 22.7579 8.18947V2.10526C22.7579 0.947368 21.8105 0 20.6526 0H11.7263C5.24211 0 0 4.21053 0 11.7263V30.3789C0 37.8947 5.24211 42.1053 11.7263 42.1053H28.2737C34.7579 42.1053 40 37.8947 40 30.3789V19.3474C40 18.1895 39.0526 17.2421 37.8947 17.2421Z\" fill=\"currentColor\"\/>\n                                    <path d=\"M28.0001 0.441962C27.1369 -0.421196 25.6422 0.168278 25.6422 1.36828V8.71565C25.6422 11.7893 28.2527 14.3367 31.4317 14.3367C33.4317 14.3578 36.2106 14.3578 38.5896 14.3578C39.7896 14.3578 40.4212 12.9472 39.5791 12.1051C36.5475 9.05249 31.1159 3.55775 28.0001 0.441962Z\" fill=\"currentColor\"\/>\n                                    <path d=\"M23.1579 24.737H10.5263C9.66318 24.737 8.94739 24.0212 8.94739 23.158C8.94739 22.2949 9.66318 21.5791 10.5263 21.5791H23.1579C24.0211 21.5791 24.7369 22.2949 24.7369 23.158C24.7369 24.0212 24.0211 24.737 23.1579 24.737Z\" fill=\"currentColor\"\/>\n                                    <path d=\"M18.9474 33.1579H10.5263C9.66318 33.1579 8.94739 32.4421 8.94739 31.5789C8.94739 30.7158 9.66318 30 10.5263 30H18.9474C19.8105 30 20.5263 30.7158 20.5263 31.5789C20.5263 32.4421 19.8105 33.1579 18.9474 33.1579Z\" fill=\"currentColor\"\/>\n                                 <\/svg>                                                                            <\/span>\r\n                                                           <\/div>\r\n                        <\/div>\r\n                     <\/div>\r\n                  <\/div>\r\n                                    <div class=\"col-xl-4 col-lg-4 col-md-6 col-12\">\r\n                     <div class=\"services__item-5 mb-30 white-bg wow fadeInUp \" data-wow-delay=\".3s\" data-wow-duration=\"1s\">\r\n                        <div class=\"services__item-5-inner text-center transition-3 white-bg tp-el-box\">\r\n                           <div class=\"services__content-5\">\r\n\r\n                                                                <h3 class=\"services__title-5 tp-el-box-title\">\r\n                                                                            Devii Ambasadorul Legii 2%,                                                                    <\/h3>\r\n                                \r\n                                                                <p class=\"tp-el-box-desc\"> iar noi afi\u0219\u0103m logoul t\u0103u pe site-ul www.2procente.info, \u00een galeria Ambasadorilor 2%<\/p>\r\n                                   \r\n                                                              \r\n                           <\/div>\r\n                           <div class=\"services__thumb-5 tp-el-box-icon\">\r\n                                                                    <span>\r\n                                                                                 <svg width=\"40\" height=\"40\" viewBox=\"0 0 40 40\" fill=\"none\" xmlns=\"http:\/\/www.w3.org\/2000\/svg\">\n                                    <path opacity=\"0.2\" d=\"M36.7442 1.39526V23.9069C36.7442 27.4418 34.8837 29.3022 31.3488 29.3022H8.65114C5.11625 29.3022 3.2558 27.4418 3.2558 23.9069V1.39526H36.7442Z\" fill=\"currentColor\"\/>\n                                    <path d=\"M38.6047 2.7907H1.39535C0.632558 2.7907 0 2.15814 0 1.39535C0 0.632558 0.632558 0 1.39535 0H38.6047C39.3674 0 40 0.632558 40 1.39535C40 2.15814 39.3674 2.7907 38.6047 2.7907Z\" fill=\"currentColor\"\/>\n                                    <path d=\"M28.6884 39.2371C28.4466 39.7208 27.9442 39.9999 27.4419 39.9999C27.2372 39.9999 27.014 39.9441 26.828 39.8511L20 36.4464L13.1721 39.8511C12.9861 39.9441 12.7628 39.9999 12.5582 39.9999C12.0558 39.9999 11.5535 39.7208 11.3116 39.2371C10.9581 38.5301 11.2373 37.6929 11.9442 37.358L18.6047 34.0278V29.3022H21.3954V34.0278L28.0558 37.358C28.7628 37.6929 29.0419 38.5301 28.6884 39.2371Z\" fill=\"currentColor\"\/>\n                                    <path d=\"M11.6278 19.5348C11.2371 19.5348 10.8278 19.3674 10.5488 19.0325C10.0464 18.4372 10.1394 17.5628 10.7348 17.0605L16.5953 12.1674C17.1348 11.7209 17.8231 11.5349 18.4743 11.6465C19.1441 11.7581 19.7208 12.1674 20.0743 12.7627L22.0278 16.0185L27.479 11.4791C28.0743 10.9767 28.9487 11.0697 29.451 11.6651C29.9534 12.2604 29.8604 13.1348 29.265 13.6371L23.4045 18.5302C22.865 18.9767 22.1767 19.1627 21.5255 19.0511C20.8557 18.9395 20.279 18.5302 19.9255 17.9349L17.972 14.6791L12.5209 19.2185C12.2604 19.4232 11.9441 19.5348 11.6278 19.5348Z\" fill=\"currentColor\"\/>\n                                    <\/svg>                                                                              <\/span>\r\n                                                           <\/div>\r\n                        <\/div>\r\n                     <\/div>\r\n                  <\/div>\r\n                                 <\/div>\r\n            <\/div>\r\n\r\n         <\/section>\r\n\r\n         <!-- services area end -->\r\n         \r\n        \t\t<\/div>\n\t\t\t\t<\/div>\n\t\t\t\t\t<\/div>\n\t\t<\/div>\n\t\t\t\t\t<\/div>\n\t\t<\/section>\n\t\t\t\t<section class=\"elementor-section elementor-top-section elementor-element elementor-element-058bc39 elementor-section-full_width elementor-section-height-default elementor-section-height-default\" data-id=\"058bc39\" data-element_type=\"section\">\n\t\t\t\t\t\t<div class=\"elementor-container elementor-column-gap-no\">\n\t\t\t\t\t<div class=\"elementor-column elementor-col-100 elementor-top-column elementor-element elementor-element-ce849d9\" data-id=\"ce849d9\" data-element_type=\"column\">\n\t\t\t<div class=\"elementor-widget-wrap elementor-element-populated\">\n\t\t\t\t\t\t<div class=\"elementor-element elementor-element-f5298ef elementor-widget elementor-widget-heading\" data-id=\"f5298ef\" data-element_type=\"widget\" data-widget_type=\"heading.default\">\n\t\t\t\t<div class=\"elementor-widget-container\">\n\t\t\t<h1 class=\"elementor-heading-title elementor-size-default\">HTML \u043a\u043e\u0434 \u0434\u043b\u044f \u043b\u043e\u0433\u043e\u0442\u0438\u043f\u0430 2%<\/h1>\t\t<\/div>\n\t\t\t\t<\/div>\n\t\t\t\t\t<\/div>\n\t\t<\/div>\n\t\t\t\t\t<\/div>\n\t\t<\/section>\n\t\t\t\t<section class=\"elementor-section elementor-top-section elementor-element elementor-element-04f5480 elementor-section-boxed elementor-section-height-default elementor-section-height-default\" data-id=\"04f5480\" data-element_type=\"section\">\n\t\t\t\t\t\t<div class=\"elementor-container elementor-column-gap-default\">\n\t\t\t\t\t<div class=\"elementor-column elementor-col-100 elementor-top-column elementor-element elementor-element-2ea68f6\" data-id=\"2ea68f6\" data-element_type=\"column\">\n\t\t\t<div class=\"elementor-widget-wrap\">\n\t\t\t\t\t\t\t<\/div>\n\t\t<\/div>\n\t\t\t\t\t<\/div>\n\t\t<\/section>\n\t\t\t\t<section class=\"elementor-section elementor-top-section elementor-element elementor-element-6684a65 elementor-section-boxed elementor-section-height-default elementor-section-height-default\" data-id=\"6684a65\" data-element_type=\"section\">\n\t\t\t\t\t\t<div class=\"elementor-container elementor-column-gap-default\">\n\t\t\t\t\t<div class=\"elementor-column elementor-col-100 elementor-top-column elementor-element elementor-element-9034a37\" data-id=\"9034a37\" data-element_type=\"column\">\n\t\t\t<div class=\"elementor-widget-wrap elementor-element-populated\">\n\t\t\t\t\t\t<div class=\"elementor-element elementor-element-01e8f38 elementor-widget elementor-widget-image\" data-id=\"01e8f38\" data-element_type=\"widget\" data-widget_type=\"image.default\">\n\t\t\t\t<div class=\"elementor-widget-container\">\n\t\t\t\t\t\t\t\t\t\t\t\t\t<img decoding=\"async\" width=\"180\" height=\"133\" src=\"https:\/\/2procente.info\/wp-content\/uploads\/2023\/02\/2procente-preloader.png\" class=\"attachment-large size-large wp-image-6776\" alt=\"\" \/>\t\t\t\t\t\t\t\t\t\t\t\t\t<\/div>\n\t\t\t\t<\/div>\n\t\t\t\t\t<\/div>\n\t\t<\/div>\n\t\t\t\t\t<\/div>\n\t\t<\/section>\n\t\t\t\t<\/div>\n\t\t","protected":false},"excerpt":{"rendered":"<p>Promoveaz\u0103 mecanismul 2% pe pagina ta, iar noi te r\u0103spl\u0103tim cu titlu de \u201eAMBASADOR 2%\u201d Integreaz\u0103 logoul 2% pe pagina web a organiza\u021biei tale (codul indicat mai jos) Trimite-ne apoi un e-mail la adresa: 2procente@crjm.org \u00een care ne anun\u021bi c\u0103 sus\u021bii campania na\u021bional\u0103 de informare 2% precum \u0219i logoul organiza\u021biei tale (cu dimensiunea 160X120 pixeli) [&hellip;]<\/p>\n","protected":false},"author":1,"featured_media":0,"parent":0,"menu_order":0,"comment_status":"closed","ping_status":"closed","template":"elementor_header_footer","meta":{"_acf_changed":false,"cybocfi_hide_featured_image":"","footnotes":""},"class_list":["post-12691","page","type-page","status-publish","hentry"],"acf":[],"_links":{"self":[{"href":"https:\/\/2procente.info\/ru\/wp-json\/wp\/v2\/pages\/12691","targetHints":{"allow":["GET"]}}],"collection":[{"href":"https:\/\/2procente.info\/ru\/wp-json\/wp\/v2\/pages"}],"about":[{"href":"https:\/\/2procente.info\/ru\/wp-json\/wp\/v2\/types\/page"}],"author":[{"embeddable":true,"href":"https:\/\/2procente.info\/ru\/wp-json\/wp\/v2\/users\/1"}],"replies":[{"embeddable":true,"href":"https:\/\/2procente.info\/ru\/wp-json\/wp\/v2\/comments?post=12691"}],"version-history":[{"count":6,"href":"https:\/\/2procente.info\/ru\/wp-json\/wp\/v2\/pages\/12691\/revisions"}],"predecessor-version":[{"id":15333,"href":"https:\/\/2procente.info\/ru\/wp-json\/wp\/v2\/pages\/12691\/revisions\/15333"}],"wp:attachment":[{"href":"https:\/\/2procente.info\/ru\/wp-json\/wp\/v2\/media?parent=12691"}],"curies":[{"name":"wp","href":"https:\/\/api.w.org\/{rel}","templated":true}]}}